{"id":81,"date":"2020-07-08T10:40:44","date_gmt":"2020-07-08T08:40:44","guid":{"rendered":"https:\/\/diebasis-partei.de\/?page_id=81"},"modified":"2021-08-11T19:12:07","modified_gmt":"2021-08-11T17:12:07","slug":"mitgliedschaft-beantragen","status":"publish","type":"page","link":"https:\/\/www.diebasis-lahn-dill.de\/?page_id=81","title":{"rendered":"Mitgliedschaft beantragen"},"content":{"rendered":"\r\n<h2 class=\"wp-block-heading\">Sei dabei \u2013 mach mit \u2013 bilde dieBasis!<\/h2>\r\n\r\n\r\n\r\n<p class=\"has-drop-cap\">Bei uns ist man mehr als nur ein Mitglied! Wir freuen uns \u00fcber jede MitMachDemokratin und jeden MitMachDemokraten. Mit Tatkraft, Weisheit und Wissen von Jung und Alt, von Frauen als auch M\u00e4nnern sowie von Vertretern aller Berufe und Nationalit\u00e4ten, k\u00f6nnen wir gemeinsam f\u00fcr dieses Land Positives bewirken! F\u00fcr (Basis-)Demokratie und Menschenrechte! F\u00fcr Freiheit, Gesundheit, Gerechtigkeit und ein selbstbestimmtes Leben!<\/p>\r\n\r\n\r\n\r\n\r\n\r\n<p class=\"has-drop-cap\">Allein schafft man nicht viel, aber alle gemeinsam schaffen alles!<br \/><br \/><\/p>\r\n\r\n\r\n\r\n\r\n\r\n\r\n\r\n<p class=\"has-drop-cap\">Selbstverst\u00e4ndlich verstehen wir, dass nicht jeder mitarbeiten kann oder m\u00f6chte. Doch auch wer nicht aktiv t\u00e4tig ist, kann durch seine Mitgliedschaft etwas bewirken und dieBasis st\u00e4rken: Zum einen durch Mitgliedsbeitr\u00e4ge und dar\u00fcber hinaus \u2013 und das ist noch viel Wichtiger \u2013 gibt jedes weitere Mitglied der Partei und den dort entwickelten Ideen zum Wohle der Menschen mehr Gewicht.<\/p>\r\n\r\n\r\n<hr class=\"wp-block-separator has-text-color has-background has-light-green-background-color has-light-green-color is-style-wide\" \/>\r\n\r\n\r\n\r\n\r\n<p class=\"has-drop-cap\">Im Wissen, dass so manche wirtschaftlich nicht so gut gestellt sind, sind die von uns erbetenen Mitgliedsbeitr\u00e4ge so niedrig, dass es sich jeder leisten kann Mitglied der Partei zu sein. Die H\u00f6he des Beitrags ist frei w\u00e4hlbar!<\/p>\r\n\r\n\r\n\r\n\r\n\r\n\r\n\r\n<p class=\"has-drop-cap\">Solche inhaltliche Arbeit ist f\u00fcr uns elementar! Helft uns bei der politischen Willensbildung \u2013 ob Sozial- oder Gesundheitssystem, ob Verkehrs- oder Umweltpolitik. Nachhaltige Basisdemokratie ist ein Weg im Sinne aller: Er muss geebnet und durchdacht werden. Redet endlich mit! Bringt Euch dauerhaft ein und seid Teil einer basisdemokratischen Bewegung! <br \/><br \/><\/p>\r\n\r\n\r\n\r\n<p>&nbsp;<\/p>\r\n\r\n\r\n\r\n<div class=\"wp-block-buttons is-content-justification-center is-layout-flex wp-block-buttons-is-layout-flex\">\r\n<div class=\"wp-block-button is-style-fill\"><a class=\"wp-block-button__link has-black-color has-text-color has-background\" style=\"border-radius: 10px; background-color: #40b4a6;\" href=\"https:\/\/mitgliedsantrag.diebasis-partei.de\/index.html\" target=\"_blank\" rel=\"noreferrer noopener\">Mitgliedschaft online beantragen<\/a><\/div>\r\n<\/div>\r\n<p>&nbsp;<\/p>\r\n\r\n<div class=\"wp-block-buttons is-content-justification-center is-layout-flex wp-block-buttons-is-layout-flex\">\r\n<div class=\"wp-block-button is-style-fill\"><a class=\"wp-block-button__link has-black-color has-text-color has-background\" style=\"border-radius: 10px; background-color: #40b4a6;\" href=\"https:\/\/diebasis-partei.de\/wp-content\/uploads\/2021\/05\/Antrag-auf-Mitgliedschaft-2021-V007.pdf\" target=\"_blank\" rel=\"noreferrer noopener\">Mitgliedsantrag herunterladen<\/a><\/div>\r\n<\/div>\r\n<p>&nbsp;<\/p>\r\n\r\n<p style=\"text-align: center;\">E-Mail Kreisverband Limburg-Weilburg: <a href=\"mailto:post@diebasis-limburg-weilburg.de\">post@diebasis-limburg-weilburg.de<\/a><\/p>\r\n<div class=\"wp-block-columns are-vertically-aligned-center\">\r\n<div class=\"wp-block-column is-vertically-aligned-center\" style=\"flex-basis: 33.33%;\"><\/div>\r\n\r\n\r\n\r\n<div class=\"wp-block-column is-vertically-aligned-center is-layout-flow wp-block-column-is-layout-flow\" style=\"flex-basis: 66.66%;\">\u00a0<\/div>\r\n\r\n<p><\/p>\r\n<p><\/p>\r\n<hr class=\"wp-block-separator\" \/>\r\n<p>&nbsp;<\/p>\r\n<p><\/p>\r\n<p>&nbsp;<\/p>\r\n<p><\/p>\r\n<\/div>","protected":false},"excerpt":{"rendered":"<p>Sei dabei \u2013 mach mit \u2013 bilde dieBasis! Bei uns ist man mehr als nur ein Mitglied! Wir freuen uns \u00fcber jede MitMachDemokratin und jeden MitMachDemokraten. Mit Tatkraft, Weisheit und Wissen von Jung und Alt, von Frauen als auch M\u00e4nnern sowie von Vertretern aller Berufe und &hellip; <\/p>\n<p><a href=\"https:\/\/www.diebasis-lahn-dill.de\/?page_id=81\" class=\"more-link\"><span class=\"morelink-icon\">Weiterlesen<\/span><\/a><\/p>\n","protected":false},"author":19,"featured_media":0,"parent":0,"menu_order":0,"comment_status":"closed","ping_status":"closed","template":"page-templates\/full-width.php","meta":{"footnotes":""},"class_list":["post-81","page","type-page","status-publish","hentry"],"_links":{"self":[{"href":"https:\/\/www.diebasis-lahn-dill.de\/index.php?rest_route=\/wp\/v2\/pages\/81","targetHints":{"allow":["GET"]}}],"collection":[{"href":"https:\/\/www.diebasis-lahn-dill.de\/index.php?rest_route=\/wp\/v2\/pages"}],"about":[{"href":"https:\/\/www.diebasis-lahn-dill.de\/index.php?rest_route=\/wp\/v2\/types\/page"}],"author":[{"embeddable":true,"href":"https:\/\/www.diebasis-lahn-dill.de\/index.php?rest_route=\/wp\/v2\/users\/19"}],"replies":[{"embeddable":true,"href":"https:\/\/www.diebasis-lahn-dill.de\/index.php?rest_route=%2Fwp%2Fv2%2Fcomments&post=81"}],"version-history":[{"count":51,"href":"https:\/\/www.diebasis-lahn-dill.de\/index.php?rest_route=\/wp\/v2\/pages\/81\/revisions"}],"predecessor-version":[{"id":2457,"href":"https:\/\/www.diebasis-lahn-dill.de\/index.php?rest_route=\/wp\/v2\/pages\/81\/revisions\/2457"}],"wp:attachment":[{"href":"https:\/\/www.diebasis-lahn-dill.de\/index.php?rest_route=%2Fwp%2Fv2%2Fmedia&parent=81"}],"curies":[{"name":"wp","href":"https:\/\/api.w.org\/{rel}","templated":true}]}}