{"id":620,"date":"2020-10-05T22:55:52","date_gmt":"2020-10-05T20:55:52","guid":{"rendered":"https:\/\/www.diebasis-lahn-dill.de\/?page_id=620"},"modified":"2021-04-06T22:41:48","modified_gmt":"2021-04-06T20:41:48","slug":"4-saeulen","status":"publish","type":"page","link":"https:\/\/www.diebasis-lahn-dill.de\/?page_id=620","title":{"rendered":"4 S\u00e4ulen"},"content":{"rendered":"\n<h3 class=\"has-text-align-center has-white-color has-text-color has-background wp-block-heading\" style=\"background-color:#2b9c38\">Freiheit<\/h3>\n\n\n\n<p>Freiheit ist Handeln ohne Zwang. Die durch das Grundgesetz garantierten Freiheitsrechte sind die wichtigsten Grundrechte. Dazu geh\u00f6rt auch das Recht, objektiv informiert zu werden, mitentscheiden zu k\u00f6nnen und die Freiheit zu haben, frei seine Meinung zu \u00e4u\u00dfern.<\/p>\n\n\n\n<h3 class=\"has-text-align-center has-white-color has-text-color has-background wp-block-heading\" style=\"background-color:#233c7a\">Machtbegrenzung<\/h3>\n\n\n\n<p>Machtbegrenzung bedeutet gegenseitige Kontrolle. Macht und Machtstrukturen m\u00fcssen begrenzt und kontrolliert werden. Die \u00dcbertragung bzw. \u00dcbernahme von Macht erfordert die \u00dcbernahme von Verantwortung im Sinne von Eigen- und Fremdverantwortung.<\/p>\n\n\n\n<h3 class=\"has-text-align-center has-white-color has-text-color has-background wp-block-heading\" style=\"background-color:#dc0c22\">Achtsamkeit<\/h3>\n\n\n\n<p>Achtsamkeit ist die bewusste Wahrnehmung des Inneren und \u00c4u\u00dferen. Das Menschsein und die Beachtung der Menschlichkeit dienen als Leitbild in einer freiheitlichen Gesellschaft, in der die Menschen einen liebevollen, friedlichen Umgang miteinander pflegen.<\/p>\n\n\n\n<h3 class=\"has-text-align-center has-white-color has-text-color has-background wp-block-heading\" style=\"background-color:#f29200\">Schwarmintelligenz<\/h3>\n\n\n\n<p>Schwarmintelligenz ist die F\u00e4higkeit einer Gruppe zu sinnvollem Verhalten. Das Wissen einzelner \u2013 und sei es auch ein Experte \u2013 reicht allein nicht aus. Um komplexe, fach\u00fcbergreifende Themengebiete zu erfassen, ist das Wissen vieler notwendig. Nur ein, aus vielen verschiedenen Perspektiven betrachtetes Problem l\u00e4sst sich in seiner Gesamtheit erkennen und l\u00f6sen.<\/p>\n","protected":false},"excerpt":{"rendered":"<p>Freiheit Freiheit ist Handeln ohne Zwang. Die durch das Grundgesetz garantierten Freiheitsrechte sind die wichtigsten Grundrechte. Dazu geh\u00f6rt auch das Recht, objektiv informiert zu werden, mitentscheiden zu k\u00f6nnen und die Freiheit zu haben, frei seine Meinung zu \u00e4u\u00dfern. Machtbegrenzung Machtbegrenzung bedeutet gegenseitige Kontrolle. Macht und Machtstrukturen &hellip; <\/p>\n<p><a href=\"https:\/\/www.diebasis-lahn-dill.de\/?page_id=620\" class=\"more-link\"><span class=\"morelink-icon\">Weiterlesen<\/span><\/a><\/p>\n","protected":false},"author":13,"featured_media":0,"parent":0,"menu_order":0,"comment_status":"closed","ping_status":"closed","template":"page-templates\/full-width.php","meta":{"footnotes":""},"class_list":["post-620","page","type-page","status-publish","hentry"],"_links":{"self":[{"href":"https:\/\/www.diebasis-lahn-dill.de\/index.php?rest_route=\/wp\/v2\/pages\/620","targetHints":{"allow":["GET"]}}],"collection":[{"href":"https:\/\/www.diebasis-lahn-dill.de\/index.php?rest_route=\/wp\/v2\/pages"}],"about":[{"href":"https:\/\/www.diebasis-lahn-dill.de\/index.php?rest_route=\/wp\/v2\/types\/page"}],"author":[{"embeddable":true,"href":"https:\/\/www.diebasis-lahn-dill.de\/index.php?rest_route=\/wp\/v2\/users\/13"}],"replies":[{"embeddable":true,"href":"https:\/\/www.diebasis-lahn-dill.de\/index.php?rest_route=%2Fwp%2Fv2%2Fcomments&post=620"}],"version-history":[{"count":9,"href":"https:\/\/www.diebasis-lahn-dill.de\/index.php?rest_route=\/wp\/v2\/pages\/620\/revisions"}],"predecessor-version":[{"id":1281,"href":"https:\/\/www.diebasis-lahn-dill.de\/index.php?rest_route=\/wp\/v2\/pages\/620\/revisions\/1281"}],"wp:attachment":[{"href":"https:\/\/www.diebasis-lahn-dill.de\/index.php?rest_route=%2Fwp%2Fv2%2Fmedia&parent=620"}],"curies":[{"name":"wp","href":"https:\/\/api.w.org\/{rel}","templated":true}]}}