{"id":615,"date":"2020-10-05T22:51:55","date_gmt":"2020-10-05T20:51:55","guid":{"rendered":"https:\/\/www.diebasis-lahn-dill.de\/?page_id=615"},"modified":"2021-06-22T18:28:31","modified_gmt":"2021-06-22T16:28:31","slug":"basisdemokratie","status":"publish","type":"page","link":"https:\/\/www.diebasis-lahn-dill.de\/?page_id=615","title":{"rendered":"Basisdemokratie"},"content":{"rendered":"\r\n\r\n\r\n<p class=\"has-drop-cap\">Basisdemokratie ist ein Sammelbegriff f\u00fcr verschiedene Formen der direkten Demokratie. Ziel ist, die Trennung zwischen Regierenden und Regierten aufzuheben und durch umfassende direkte Partizipation an Willensbildungsprozessen zu ersetzen. In der Reinform kommt diese ohne Repr\u00e4sentanten aus, weil alle relevanten Entscheidungen von allen Menschen durch unmittelbare Beteiligung getroffen werden.<\/p>\r\n\r\n\r\n\r\n<p class=\"has-drop-cap\">Selbst wenn man sich zuerst darauf beschr\u00e4nkt, als Basis nicht gleich alle Menschen, sondern \u201enur\u201c alle Mitglieder der Partei zu betrachten und zu beteiligen, m\u00fcssen erhebliche Herausforderungen bew\u00e4ltigt werden. Um Basisdemokratie zu leben, m\u00fcssen nicht nur formale Aspekte, sondern auch das Zusammenarbeiten der Menschen entwickelt werden. Hier steht ein Zusammenleben in gr\u00f6\u00dferer Achtsamkeit und mit zwischen den Einzelnen und der Gemeinschaft austarierten Freiheitsrechten eine gro\u00dfe Rolle.<\/p>\r\n\r\n\r\n\r\n<p class=\"has-drop-cap\">Alle Mitglieder m\u00fcssen \u00fcber die zu treffenden Entscheidungen so informiert werden, dass diese sich ein objektives Meinungsbild verschaffen k\u00f6nnen. Die Mitglieder m\u00fcssen untereinander in Interaktion treten k\u00f6nnen, um sich \u00fcber ihre W\u00fcnsche, Gedanken und Ideen austauschen zu k\u00f6nnen. Nicht zuletzt m\u00fcssen die Mitglieder ihre Stimme abgeben k\u00f6nnen und es m\u00fcssen sinnvolle und f\u00fcr die Mehrheit akzeptable Entscheidungen nachvollziehbar und transparent gefasst werden. Die zunehmende Verbreitung von Internetzug\u00e4ngen erm\u00f6glicht es theoretisch, basisdemokratische Abstimmungen online im Netz durchzuf\u00fchren. Um dies zu erm\u00f6glichen, gibt es bereits Tools, die diese Prozesse unterst\u00fctzen. Hier besteht die Aufgabe vor allem darin, ein oder mehrere Tools f\u00fcr die Parteiarbeit in unserem Sinne nutzbar zu machen.<\/p>\r\n\r\n\r\n\r\n<p class=\"has-drop-cap\">Eine weitere Herausforderung ist das \u201eAndocken\u201c an die etablierten demokratischen Strukturen unserer Demokratie. Die von den Mitgliedern herbeigef\u00fchrten Entscheidungen m\u00fcssen in die Parlamente eingebracht werden, um dort f\u00fcr Mehrheiten zu werben.\u00a0 Dies erfolgt durch unsere Sprecher, die stellvertretend die Entscheidungen der Mitglieder artikulieren. Damit wird den Sprechern Macht verliehen. Nach unserer \u00dcberzeugung muss diese Macht kontrolliert werden. Gleichzeitig muss das n\u00f6tige Vertrauen in diese Menschen gesetzt werden. Die richtige Balance aus Vertrauen und Kontrolle und die Auswahl der geeignetsten Sprecher sind wichtige Aufgaben. Wir werden als junge Partei die oben skizzierten Herausforderungen und Aufgaben nicht sofort l\u00f6sen k\u00f6nnen. Aber wir werden alle gemeinsam an diesen Themen arbeiten und schrittweise die Basisdemokratie in Deutschland etablieren.<\/p>\r\n\r\n\r\n\r\n<p class=\"has-drop-cap\">Alle Menschen leben an einem Ort, der einer Stadt, einem Dorf oder einer Gemeinde zugeordnet ist. An diesen Orten sollen sich die Menschen in Ortsgruppen organisieren. In einer zuk\u00fcnftigen Basisdemokratie werden alle Abstimmungen von einzelnen Menschen ausgehen, die jederzeit Abstimmungen \u00fcber eine Ortsgruppe ins Leben rufen k\u00f6nnen. So kann jeder Mensch einen Antragstext formulieren und in seiner Ortsgruppe zur Abstimmung auf Bundesebene einreichen.<\/p>\r\n\r\n\r\n\r\n<p class=\"has-drop-cap\">Die Ortsgruppe muss nun feststellen, ob sie diesen Antrag unterst\u00fctzt, weshalb sowohl eine Diskussion als auch eine Abstimmung zum Thema des Antrages in der Ortsgruppe notwendig wird. Diskussion und Abstimmung finden wie in der Schweiz zeitversetzt statt. Mit der Antragstellung beginnt die Phase der Diskussion, die je nach Vereinbarung mehrere Tage oder Wochen dauern kann. Dieser Zeitraum wird bei der Antragsstellung festgelegt.<\/p>\r\n\r\n\r\n\r\n<p class=\"has-drop-cap\">Nach der Antragstellung werden Veranstaltungen zur Meinungsbildung und Diskussion organisiert. Die Teilnahme hieran ist freiwillig, so dass die Wichtigkeit der Abstimmung hier schon an der Zahl der Teilnehmer erkennbar wird. Am Tag der Abstimmung wird \u00fcber alle Antr\u00e4ge der Ortsgruppe abgestimmt, ohne dass hier noch eine Beratung zu den einzelnen Antr\u00e4gen stattfindet. Hier legt die Ortsgruppe fest, ob sie den Antrag unterst\u00fctzt oder ablehnt. Kommt es zur Ablehnung, wurde die beantragte Abstimmung auf Bundesebene schon in der Ortsgruppe gestoppt. Dieser nat\u00fcrliche Filter in der Ortsgruppe ist notwendig.<\/p>\r\n\r\n\r\n\r\n<p class=\"has-drop-cap\">Denn Gegner der Basisdemokratie sollen keine Gelegenheit erhalten, durch eine F\u00fclle von sinnlosen Antr\u00e4gen die Gesellschaft entscheidungsunf\u00e4hig zu machen. Bei einer Zustimmung vergr\u00f6\u00dfert sich der Abstimmungsradius wie eine Welle, die ein Steinwurf in einem ruhigen See erzeugt. Auf dem Gebiet der Stadt bzw. Kommune muss nun in allen Ortsgruppen zu diesen Antrag abgestimmt werden. Ist f\u00fcr Abstimmungsantr\u00e4ge, die nicht aus der eigenen Ortsgruppe kommen, ein Diskussionsrahmen von drei Wochen festgelegt, so liegt das Abstimmungsergebnis von allen Ortsgruppen nach sp\u00e4testens vier Wochen vor.<\/p>\r\n\r\n\r\n\r\n<p class=\"has-drop-cap\">Bei einer Ablehnung wird die Abstimmung auf Kommunen- bzw. Stadtebene gestoppt und weitet sich nicht weiter aus. Wieder erkennen wir einen Filter gegen radikale weltanschauliche oder religi\u00f6se Gruppierungen, die sich einer Ortsgruppe bem\u00e4chtigt haben k\u00f6nnen. Bei einer Zustimmung erweitert sich wiederum der Abstimmungsradius auf Landesebene. Das Muster, wie sich dieser Abstimmungsradius vergr\u00f6\u00dfert, bleibt immer gleich. Er kann sich je nach Antrag einer Ortsgruppe auf Stadt, Kommune, Land, Bund oder EU ausdehnen.<\/p>\r\n\r\n\r\n\r\n<p>Alle Details finden sich im Handbuch die Basisdemokraten, das im Downloadbereich zu finden ist.<\/p>\r\n","protected":false},"excerpt":{"rendered":"<p>Basisdemokratie ist ein Sammelbegriff f\u00fcr verschiedene Formen der direkten Demokratie. Ziel ist, die Trennung zwischen Regierenden und Regierten aufzuheben und durch umfassende direkte Partizipation an Willensbildungsprozessen zu ersetzen. In der Reinform kommt diese ohne Repr\u00e4sentanten aus, weil alle relevanten Entscheidungen von allen Menschen durch unmittelbare Beteiligung &hellip; <\/p>\n<p><a href=\"https:\/\/www.diebasis-lahn-dill.de\/?page_id=615\" class=\"more-link\"><span class=\"morelink-icon\">Weiterlesen<\/span><\/a><\/p>\n","protected":false},"author":19,"featured_media":0,"parent":0,"menu_order":0,"comment_status":"closed","ping_status":"closed","template":"page-templates\/full-width.php","meta":{"footnotes":""},"class_list":["post-615","page","type-page","status-publish","hentry"],"_links":{"self":[{"href":"https:\/\/www.diebasis-lahn-dill.de\/index.php?rest_route=\/wp\/v2\/pages\/615","targetHints":{"allow":["GET"]}}],"collection":[{"href":"https:\/\/www.diebasis-lahn-dill.de\/index.php?rest_route=\/wp\/v2\/pages"}],"about":[{"href":"https:\/\/www.diebasis-lahn-dill.de\/index.php?rest_route=\/wp\/v2\/types\/page"}],"author":[{"embeddable":true,"href":"https:\/\/www.diebasis-lahn-dill.de\/index.php?rest_route=\/wp\/v2\/users\/19"}],"replies":[{"embeddable":true,"href":"https:\/\/www.diebasis-lahn-dill.de\/index.php?rest_route=%2Fwp%2Fv2%2Fcomments&post=615"}],"version-history":[{"count":7,"href":"https:\/\/www.diebasis-lahn-dill.de\/index.php?rest_route=\/wp\/v2\/pages\/615\/revisions"}],"predecessor-version":[{"id":2127,"href":"https:\/\/www.diebasis-lahn-dill.de\/index.php?rest_route=\/wp\/v2\/pages\/615\/revisions\/2127"}],"wp:attachment":[{"href":"https:\/\/www.diebasis-lahn-dill.de\/index.php?rest_route=%2Fwp%2Fv2%2Fmedia&parent=615"}],"curies":[{"name":"wp","href":"https:\/\/api.w.org\/{rel}","templated":true}]}}