{"id":439,"date":"2020-08-03T15:02:05","date_gmt":"2020-08-03T13:02:05","guid":{"rendered":"https:\/\/diebasis-bw.de\/?page_id=439"},"modified":"2021-12-01T14:52:43","modified_gmt":"2021-12-01T13:52:43","slug":"partei","status":"publish","type":"page","link":"https:\/\/www.diebasis-lahn-dill.de\/?page_id=439","title":{"rendered":"Kreisverband"},"content":{"rendered":"<p>&nbsp;<\/p>\n<p><strong>Landkreis Lahn-Dill und seine Wahlbezirke<\/strong><\/p>\n<p>Derzeit gibt es in Deutschland 299 Wahlkreise, deren Grenzen das Bundeswahlgesetz regelt. Dieses Gesetz regelt auch die Kriterien und die \u00dcberpr\u00fcfung der Wahlkreisgrenzen. Sollte z.B. die Bev\u00f6lkerungszahl eines Wahlkreises von der durchschnittlichen Bev\u00f6lkerungszahl der Wahlkreise um mehr als 25 Prozent abweichen, ist eine Neueinteilung notwendig.<\/p>\n<p>Die Landkreisgrenzen decken sich nicht zwangsl\u00e4ufig mit der Wahlbezirkseinteilung. So teilt sich der Landkreis Limburg Weilburg in die Wahlbezirke 178 (Rheingau-Taunus-Limburg) und 176 (Hochtaunuskreis) auf.<\/p>\n<p>Aus dem Landkreis Limburg-Weilburg geh\u00f6ren zum Rheingau-Taunus-Limburg-Wahlkreis die Gemeinden Bad Camberg, Brechen, Dornburg, Elbtal, Elz, Hadamar, H\u00fcnfelden, Limburg, Selters (Taunus) und Waldbrunn (Westerwald).<\/p>\n<p>Aus dem Landkreis Limburg-Weilburg geh\u00f6ren zum Hochtaunuskreis die Gemeinden Beselich, L\u00f6hnberg, Mengerskirchen, Merenberg, Runkel, Villmar, Weilburg, Weilm\u00fcnster und Weinbach.<\/p>\n<p>Jeder Wahlbezirk w\u00e4hlt f\u00fcr die Bundestagswahl einen Direktkandidaten. F\u00fcr den Rheingau-Taunus-Limburg-Wahlkreis wurde Jens Meyer, 1. Vorsitzender des Landkreises Limburg-Weilburg gew\u00e4hlt und f\u00fcr den Hochtaunuskreis Thomas Schumbert, 1. Vorsitzender des Landkreises Hochtaunus. Beide Kandidaten unterst\u00fctzen wir &#8211; Landkreis Limburg-Weilburg &#8211; tatkr\u00e4ftig.<\/p>\n","protected":false},"excerpt":{"rendered":"<p>&nbsp; Landkreis Lahn-Dill und seine Wahlbezirke Derzeit gibt es in Deutschland 299 Wahlkreise, deren Grenzen das Bundeswahlgesetz regelt. Dieses Gesetz regelt auch die Kriterien und die \u00dcberpr\u00fcfung der Wahlkreisgrenzen. Sollte z.B. die Bev\u00f6lkerungszahl eines Wahlkreises von der durchschnittlichen Bev\u00f6lkerungszahl der Wahlkreise um mehr als 25 Prozent &hellip; <\/p>\n<p><a href=\"https:\/\/www.diebasis-lahn-dill.de\/?page_id=439\" class=\"more-link\"><span class=\"morelink-icon\">Weiterlesen<\/span><\/a><\/p>\n","protected":false},"author":19,"featured_media":0,"parent":0,"menu_order":0,"comment_status":"closed","ping_status":"closed","template":"page-templates\/full-width.php","meta":{"footnotes":""},"class_list":["post-439","page","type-page","status-publish","hentry"],"_links":{"self":[{"href":"https:\/\/www.diebasis-lahn-dill.de\/index.php?rest_route=\/wp\/v2\/pages\/439","targetHints":{"allow":["GET"]}}],"collection":[{"href":"https:\/\/www.diebasis-lahn-dill.de\/index.php?rest_route=\/wp\/v2\/pages"}],"about":[{"href":"https:\/\/www.diebasis-lahn-dill.de\/index.php?rest_route=\/wp\/v2\/types\/page"}],"author":[{"embeddable":true,"href":"https:\/\/www.diebasis-lahn-dill.de\/index.php?rest_route=\/wp\/v2\/users\/19"}],"replies":[{"embeddable":true,"href":"https:\/\/www.diebasis-lahn-dill.de\/index.php?rest_route=%2Fwp%2Fv2%2Fcomments&post=439"}],"version-history":[{"count":25,"href":"https:\/\/www.diebasis-lahn-dill.de\/index.php?rest_route=\/wp\/v2\/pages\/439\/revisions"}],"predecessor-version":[{"id":2571,"href":"https:\/\/www.diebasis-lahn-dill.de\/index.php?rest_route=\/wp\/v2\/pages\/439\/revisions\/2571"}],"wp:attachment":[{"href":"https:\/\/www.diebasis-lahn-dill.de\/index.php?rest_route=%2Fwp%2Fv2%2Fmedia&parent=439"}],"curies":[{"name":"wp","href":"https:\/\/api.w.org\/{rel}","templated":true}]}}