{"id":185,"date":"2020-07-23T13:28:54","date_gmt":"2020-07-23T13:28:54","guid":{"rendered":"https:\/\/diebasis-partei.de\/?page_id=185"},"modified":"2021-09-22T12:19:54","modified_gmt":"2021-09-22T10:19:54","slug":"home","status":"publish","type":"page","link":"https:\/\/www.diebasis-lahn-dill.de\/","title":{"rendered":"Home"},"content":{"rendered":"<div class=\"wp-block-columns wp-block-spacer has-black-color has-text-color\">\r\n<div class=\"wp-block-column\">\r\n<div class=\"wp-block-nextend-smartslider3\">\r\n<div><\/div>\r\n<\/div>\r\n<\/div>\r\n<\/div>\r\n<div>\u00a0<\/div>\r\n<!-- \/wp:post-content -->\r\n\r\n<!-- wp:latest-posts {\"postsToShow\":4,\"displayPostContent\":true,\"excerptLength\":12,\"displayPostDate\":true,\"postLayout\":\"grid\",\"columns\":4,\"displayFeaturedImage\":true,\"addLinkToFeaturedImage\":true} \/-->\r\n\r\n<!-- wp:separator {\"className\":\"is-style-wide\"} --><hr class=\"wp-block-separator is-style-wide\" \/><!-- \/wp:separator -->\r\n\r\n<!-- wp:heading {\"textAlign\":\"center\",\"level\":4} -->\r\n<h4 class=\"has-text-align-center\">UNSERE ARBEIT WIRD VON 4 S\u00c4ULEN GETRAGEN<\/h4>\r\n<!-- \/wp:heading -->\r\n\r\n<!-- wp:spacer {\"height\":35} -->\r\n<div class=\"wp-block-spacer\" style=\"height: 35px;\" aria-hidden=\"true\">\u00a0<\/div>\r\n<!-- \/wp:spacer -->\r\n\r\n<!-- wp:columns -->\r\n<div class=\"wp-block-columns\"><!-- wp:column -->\r\n<div class=\"wp-block-column\"><!-- wp:paragraph {\"align\":\"center\",\"style\":{\"color\":{\"background\":\"#2b9c38\"}},\"textColor\":\"white\",\"fontSize\":\"small\"} -->\r\n<p class=\"has-text-align-center has-white-color has-text-color has-background has-small-font-size\" style=\"background-color: #2b9c38;\"><strong>DIE S\u00c4ULE<\/strong> <strong>DER<\/strong><br \/><strong>FREIHEIT<\/strong><br \/><br \/>Die Freiheitsrechte, die im Grundgesetz verankert sind, sind unser h\u00f6chstes Gut. <br \/><br \/>Sie sind die Voraussetzung und der Raum f\u00fcr unsere Entfaltung und st\u00e4ndige Weiterentwicklung auf allen Ebenen (k\u00f6rperlich, geistig, seelisch).<br \/><br \/>Wir entscheiden selbstverantwortlich und angstfrei, was die Erde, die lebendige Natur und uns Menschen betrifft, ohne dabei die Freiheitsrechte der anderen zu verletzen. Der Staat und seine Organe haben die Grundrechte zu achten, zu gew\u00e4hrleisten und jederzeit den Grundsatz der Verh\u00e4ltnism\u00e4\u00dfigkeit zu wahren.<\/p>\r\n<!-- \/wp:paragraph --><\/div>\r\n<!-- \/wp:column -->\r\n\r\n<!-- wp:column -->\r\n<div class=\"wp-block-column\"><!-- wp:paragraph {\"align\":\"center\",\"style\":{\"color\":{\"background\":\"#233c7a\"}},\"textColor\":\"white\",\"fontSize\":\"small\"} -->\r\n<p class=\"has-text-align-center has-white-color has-text-color has-background has-small-font-size\" style=\"background-color: #233c7a;\"><strong>DIE S\u00c4ULE DER<\/strong><br \/><strong>MACHTBEGRENZUNG<\/strong><br \/><br \/>Der Einsatz von Macht zur Gestaltung und Entwicklung des Gemeinwesens ist n\u00f6tig und sinnvoll. Die \u00dcbertragung von Macht durch den Souver\u00e4n, das Volk, an Personen und Instanzen soll in allen Funktionen und \u00c4mtern begrenzt sein. Die Gewaltenteilung muss stets gew\u00e4hrleistet sein, unabh\u00e4ngige Medien haben umfassend und wahrheitsgem\u00e4\u00df zu informieren. Wir stehen ein f\u00fcr maximale Transparenz des politischen Handelns, die Erg\u00e4nzung der parlamentarischen Demokratie durch Verfahren der direkten Demokratie und das Einbeziehen von interdisziplin\u00e4ren Gremien in Entscheidungen von gesellschaftlicher Tragweite.<\/p>\r\n<!-- \/wp:paragraph -->\r\n\r\n<!-- wp:paragraph -->\r\n<p>&nbsp;<\/p>\r\n<!-- \/wp:paragraph --><\/div>\r\n<!-- \/wp:column -->\r\n\r\n<!-- wp:column -->\r\n<div class=\"wp-block-column\"><!-- wp:paragraph {\"align\":\"center\",\"style\":{\"color\":{\"background\":\"#dc0c22\"}},\"textColor\":\"white\",\"fontSize\":\"small\"} -->\r\n<p class=\"has-text-align-center has-white-color has-text-color has-background has-small-font-size\" style=\"background-color: #dc0c22;\"><strong>DIE S\u00c4ULE DER<\/strong><br \/><strong>ACHTSAMKEIT<\/strong><br \/><br \/>Das Menschsein und die Beachtung der Menschlichkeit geh\u00f6ren zu dem Fundament einer freiheitlichen Gesellschaft.<br \/><br \/>Wir leben einen liebevollen, achtsamen Umgang mit uns und anderen, der Natur und allen \u00fcbrigen Lebewesen.<br \/><br \/>Wir sind mit allen Sinnen pr\u00e4sent und stets bereit zum offenen Dialog, ohne sofort zu bewerten.<br \/><br \/>Achtsam sein bedeutet aktives Zuh\u00f6ren und die Regeln der wertsch\u00e4tzenden Kommunikation zu erlernen, zu beachten und anzuwenden.<br \/>.<\/p>\r\n<!-- \/wp:paragraph -->\r\n\r\n<!-- wp:paragraph -->\r\n<p>&nbsp;<\/p>\r\n<!-- \/wp:paragraph --><\/div>\r\n<!-- \/wp:column -->\r\n\r\n<!-- wp:column -->\r\n<div class=\"wp-block-column\"><!-- wp:paragraph {\"align\":\"center\",\"style\":{\"color\":{\"background\":\"#f29200\"}},\"textColor\":\"white\",\"fontSize\":\"small\"} -->\r\n<p class=\"has-text-align-center has-white-color has-text-color has-background has-small-font-size\" style=\"background-color: #f29200;\"><strong>DIE S\u00c4ULE DER<\/strong><br \/><strong>SCHWARMINTELLIGENZ<\/strong><br \/><br \/>So gestalten wir Politik durch die Weisheit der Vielen.<br \/><br \/>Die Entwicklung einer starken und stabilen Gesellschaft erfordert die direkte und gleichberechtigte Beteiligung ihrer B\u00fcrgerinnen und B\u00fcrger.<br \/><br \/>Um leistungsorientierte Ideen und Vorschl\u00e4ge umzusetzen, nutzen wir viele verschiedene Sichtweisen.<br \/><br \/>Mit Hilfe moderner Kommunikationsmittel erm\u00f6glichen wir allen B\u00fcrgern ihre F\u00e4higkeiten und individuellen Potenziale einzubringen.<br \/>.<br \/>.<\/p>\r\n<!-- \/wp:paragraph --><\/div>\r\n<!-- \/wp:column --><\/div>\r\n<!-- \/wp:columns -->\r\n\r\n<!-- wp:buttons {\"contentJustification\":\"center\"} -->\r\n<div class=\"wp-block-buttons is-content-justification-center\"><!-- wp:button {\"style\":{\"color\":{\"background\":\"#40b4a6\"}},\"className\":\"is-style-fill\"} -->\r\n<div class=\"wp-block-button is-style-fill\"><a class=\"wp-block-button__link has-background\" style=\"background-color: #40b4a6;\" href=\"https:\/\/www.diebasis-lahn-dill.de\/4-saeulen\/\" target=\"_blank\" rel=\"noreferrer noopener\">weiter zu den 4 S\u00e4ulen<\/a><\/div>\r\n<!-- \/wp:button --><\/div>\r\n<!-- \/wp:buttons -->\r\n\r\n<!-- wp:separator {\"className\":\"is-style-wide,\"} --><hr class=\"wp-block-separator is-style-wide,\" \/><!-- \/wp:separator -->\r\n\r\n<!-- wp:columns -->\r\n<div class=\"wp-block-columns\"><!-- wp:column {\"width\":\"100%\"} -->\r\n<div class=\"wp-block-column\" style=\"flex-basis: 100%;\"><!-- wp:media-text {\"mediaId\":1593,\"mediaLink\":\"https:\/\/www.diebasis-lahn-dill.de\/unternehmer-film\/\",\"mediaType\":\"video\"} -->\r\n<div class=\"wp-block-media-text alignwide is-stacked-on-mobile\">\r\n<div class=\"wp-block-media-text__content\"><!-- \/wp:media-text -->\r\n\r\n<!-- wp:paragraph {\"placeholder\":\"Inhalt\u2026\"} -->\r\n<p><a href=\"https:\/\/www.diebasis-lahn-dill.de\/mediathek\/\" target=\"_blank\" rel=\"noreferrer noopener\" data-type=\"page\" data-id=\"1421\">-&gt; zur Mediathek<\/a> (weitere Videos)<\/p>\r\n<!-- \/wp:paragraph --><\/div>\r\n<\/div>\r\n<!-- \/wp:column --><\/div>\r\n<!-- \/wp:columns --><\/div>\r\n<!-- \/wp:columns -->\r\n\r\n<!-- wp:group -->\r\n<div class=\"wp-block-group\">\r\n<div class=\"wp-block-group__inner-container\"><!-- wp:columns -->\r\n<div class=\"wp-block-columns\"><!-- wp:column -->\r\n<div class=\"wp-block-column\">\r\n<div style=\"width: 960px;\" class=\"wp-video\"><video class=\"wp-video-shortcode\" id=\"video-185-1\" width=\"960\" height=\"540\" preload=\"metadata\" controls=\"controls\"><source type=\"video\/mp4\" src=\"https:\/\/www.diebasis-limburg-weilburg.de\/wp-content\/uploads\/2021\/07\/dieBasis-wird-1.mp4?_=1\" \/><a href=\"https:\/\/www.diebasis-limburg-weilburg.de\/wp-content\/uploads\/2021\/07\/dieBasis-wird-1.mp4\">https:\/\/www.diebasis-limburg-weilburg.de\/wp-content\/uploads\/2021\/07\/dieBasis-wird-1.mp4<\/a><\/video><\/div>\r\n<\/div>\r\n<!-- \/wp:column -->\r\n\r\n<!-- wp:column -->\r\n<div class=\"wp-block-column\">\u00a0<\/div>\r\n<!-- \/wp:column --><\/div>\r\n<!-- \/wp:columns --><\/div>\r\n<\/div>\r\n<!-- \/wp:group -->\r\n\r\n<!-- wp:paragraph -->\r\n<p>&nbsp;<\/p>\r\n<!-- \/wp:paragraph -->","protected":false},"excerpt":{"rendered":"<p>\u00a0 UNSERE ARBEIT WIRD VON 4 S\u00c4ULEN GETRAGEN \u00a0 DIE S\u00c4ULE DERFREIHEIT Die Freiheitsrechte, die im Grundgesetz verankert sind, sind unser h\u00f6chstes Gut. Sie sind die Voraussetzung und der Raum f\u00fcr unsere Entfaltung und st\u00e4ndige Weiterentwicklung auf allen Ebenen (k\u00f6rperlich, geistig, seelisch). Wir entscheiden selbstverantwortlich und &hellip; <\/p>\n<p><a href=\"https:\/\/www.diebasis-lahn-dill.de\/\" class=\"more-link\"><span class=\"morelink-icon\">Weiterlesen<\/span><\/a><\/p>\n","protected":false},"author":19,"featured_media":0,"parent":0,"menu_order":0,"comment_status":"closed","ping_status":"closed","template":"page-templates\/full-width.php","meta":{"footnotes":""},"class_list":["post-185","page","type-page","status-publish","hentry"],"_links":{"self":[{"href":"https:\/\/www.diebasis-lahn-dill.de\/index.php?rest_route=\/wp\/v2\/pages\/185","targetHints":{"allow":["GET"]}}],"collection":[{"href":"https:\/\/www.diebasis-lahn-dill.de\/index.php?rest_route=\/wp\/v2\/pages"}],"about":[{"href":"https:\/\/www.diebasis-lahn-dill.de\/index.php?rest_route=\/wp\/v2\/types\/page"}],"author":[{"embeddable":true,"href":"https:\/\/www.diebasis-lahn-dill.de\/index.php?rest_route=\/wp\/v2\/users\/19"}],"replies":[{"embeddable":true,"href":"https:\/\/www.diebasis-lahn-dill.de\/index.php?rest_route=%2Fwp%2Fv2%2Fcomments&post=185"}],"version-history":[{"count":64,"href":"https:\/\/www.diebasis-lahn-dill.de\/index.php?rest_route=\/wp\/v2\/pages\/185\/revisions"}],"predecessor-version":[{"id":2491,"href":"https:\/\/www.diebasis-lahn-dill.de\/index.php?rest_route=\/wp\/v2\/pages\/185\/revisions\/2491"}],"wp:attachment":[{"href":"https:\/\/www.diebasis-lahn-dill.de\/index.php?rest_route=%2Fwp%2Fv2%2Fmedia&parent=185"}],"curies":[{"name":"wp","href":"https:\/\/api.w.org\/{rel}","templated":true}]}}