{"id":1435,"date":"2021-04-07T11:34:00","date_gmt":"2021-04-07T09:34:00","guid":{"rendered":"https:\/\/www.diebasis-lahn-dill.de\/?page_id=1435"},"modified":"2021-12-01T14:56:23","modified_gmt":"2021-12-01T13:56:23","slug":"vorstand-kreisverband","status":"publish","type":"page","link":"https:\/\/www.diebasis-lahn-dill.de\/?page_id=1435","title":{"rendered":"Vorstand Kreisverband"},"content":{"rendered":"<p><span style=\"font-family: arial, helvetica, sans-serif;\"><strong>Heiko Schuster, Vorsitzender<\/strong><\/span><br \/>\n<strong>Heinz Kamp, Schatzmeister<br \/>\nSven Schulze, stellv. Schatzmeister<br \/>\n<\/strong><strong>Susen Funk, Schriftf\u00fchrerin<\/strong><br \/>\n<strong>Nina Graber, Michael Hilpisch und Michael Va\u00dfen, S\u00e4ulenbeauftragte<\/strong><br \/>\n<strong>Daniela Gombel, Ulrike Kramer, Diana Petermann und Birgit Schuster, Beisitzer<\/strong><\/p>\n<p>&nbsp;<\/p>\n","protected":false},"excerpt":{"rendered":"<p>Heiko Schuster, Vorsitzender Heinz Kamp, Schatzmeister Sven Schulze, stellv. Schatzmeister Susen Funk, Schriftf\u00fchrerin Nina Graber, Michael Hilpisch und Michael Va\u00dfen, S\u00e4ulenbeauftragte Daniela Gombel, Ulrike Kramer, Diana Petermann und Birgit Schuster, Beisitzer &nbsp;<\/p>\n","protected":false},"author":19,"featured_media":0,"parent":0,"menu_order":0,"comment_status":"closed","ping_status":"closed","template":"page-templates\/full-width.php","meta":{"footnotes":""},"class_list":["post-1435","page","type-page","status-publish","hentry"],"_links":{"self":[{"href":"https:\/\/www.diebasis-lahn-dill.de\/index.php?rest_route=\/wp\/v2\/pages\/1435","targetHints":{"allow":["GET"]}}],"collection":[{"href":"https:\/\/www.diebasis-lahn-dill.de\/index.php?rest_route=\/wp\/v2\/pages"}],"about":[{"href":"https:\/\/www.diebasis-lahn-dill.de\/index.php?rest_route=\/wp\/v2\/types\/page"}],"author":[{"embeddable":true,"href":"https:\/\/www.diebasis-lahn-dill.de\/index.php?rest_route=\/wp\/v2\/users\/19"}],"replies":[{"embeddable":true,"href":"https:\/\/www.diebasis-lahn-dill.de\/index.php?rest_route=%2Fwp%2Fv2%2Fcomments&post=1435"}],"version-history":[{"count":25,"href":"https:\/\/www.diebasis-lahn-dill.de\/index.php?rest_route=\/wp\/v2\/pages\/1435\/revisions"}],"predecessor-version":[{"id":2573,"href":"https:\/\/www.diebasis-lahn-dill.de\/index.php?rest_route=\/wp\/v2\/pages\/1435\/revisions\/2573"}],"wp:attachment":[{"href":"https:\/\/www.diebasis-lahn-dill.de\/index.php?rest_route=%2Fwp%2Fv2%2Fmedia&parent=1435"}],"curies":[{"name":"wp","href":"https:\/\/api.w.org\/{rel}","templated":true}]}}